{"id":1002,"date":"2021-02-19T14:32:59","date_gmt":"2021-02-19T14:32:59","guid":{"rendered":"https:\/\/mywindsock.com\/page\/?page_id=1002"},"modified":"2021-02-19T14:32:59","modified_gmt":"2021-02-19T14:32:59","slug":"paris","status":"publish","type":"page","link":"https:\/\/mywindsock.com\/page\/zwift-routes\/paris\/","title":{"rendered":"Paris"},"content":{"rendered":"<p>Experiment with pacing and create your race plan for glory on the Zwift routes around Paris. Create a \u2018virtual ride\u2019 before your virtual ride!<\/p>\n<h3><strong>Routes:<\/strong><\/h3>\n<ul>\n<li><a href=\"\/segment\/24674235\">Champs-\u00c9lys\u00e9es<\/a><\/li>\n<li><a href=\"\/segment\/24710513\">Champs-\u00c9lys\u00e9es Lead-In from Start Pens<\/a><\/li>\n<li><a href=\"\/segment\/24674248\">Lutece Express<\/a><\/li>\n<li><a href=\"\/segment\/24710533\">Lutece Express Lead-In from Start Pens<\/a><\/li>\n<\/ul>\n","protected":false},"excerpt":{"rendered":"<p>Experiment with pacing and create your race plan for glory on the Zwift routes around Paris. Create a \u2018virtual ride\u2019 before your virtual ride! Routes: Champs-\u00c9lys\u00e9es Champs-\u00c9lys\u00e9es Lead-In from Start Pens Lutece Express Lutece Express Lead-In from Start Pens<\/p>\n","protected":false},"author":2,"featured_media":0,"parent":965,"menu_order":0,"comment_status":"closed","ping_status":"closed","template":"","meta":[],"_links":{"self":[{"href":"https:\/\/mywindsock.com\/page\/wp-json\/wp\/v2\/pages\/1002"}],"collection":[{"href":"https:\/\/mywindsock.com\/page\/wp-json\/wp\/v2\/pages"}],"about":[{"href":"https:\/\/mywindsock.com\/page\/wp-json\/wp\/v2\/types\/page"}],"author":[{"embeddable":true,"href":"https:\/\/mywindsock.com\/page\/wp-json\/wp\/v2\/users\/2"}],"replies":[{"embeddable":true,"href":"https:\/\/mywindsock.com\/page\/wp-json\/wp\/v2\/comments?post=1002"}],"version-history":[{"count":1,"href":"https:\/\/mywindsock.com\/page\/wp-json\/wp\/v2\/pages\/1002\/revisions"}],"predecessor-version":[{"id":1003,"href":"https:\/\/mywindsock.com\/page\/wp-json\/wp\/v2\/pages\/1002\/revisions\/1003"}],"up":[{"embeddable":true,"href":"https:\/\/mywindsock.com\/page\/wp-json\/wp\/v2\/pages\/965"}],"wp:attachment":[{"href":"https:\/\/mywindsock.com\/page\/wp-json\/wp\/v2\/media?parent=1002"}],"curies":[{"name":"wp","href":"https:\/\/api.w.org\/{rel}","templated":true}]}}